{"id":29,"date":"2026-03-23T11:11:15","date_gmt":"2026-03-23T11:11:15","guid":{"rendered":"https:\/\/qajdovu.site\/?page_id=29"},"modified":"2026-03-23T11:11:18","modified_gmt":"2026-03-23T11:11:18","slug":"konstituierung-der-rechtsperson","status":"publish","type":"page","link":"https:\/\/qajdovu.site\/?page_id=29","title":{"rendered":"Konstituierung der Rechtsperson"},"content":{"rendered":"\n<p>Die rechtliche Existenz von qajdovu am Standort Markkleeberg basiert auf der nachfolgenden Spezifikation. Paul Benedict Birnbaum definiert hier die Verantwortlichkeiten f\u00fcr die hydro-technische Projektierung am Hemminger Bogen.<\/p>\n\n\n\n<h3 class=\"wp-block-heading\">Datenblatt der Verantwortlichkeit<\/h3>\n\n\n\n<figure class=\"wp-block-table\"><table class=\"has-fixed-layout\"><thead><tr><td><strong>Parameter<\/strong><\/td><td><strong>Registerwert<\/strong><\/td><\/tr><\/thead><tbody><tr><td><strong>Inhaber der Ingenieursverantwortung<\/strong><\/td><td>Paul Benedict Birnbaum<\/td><\/tr><tr><td><strong>Physische Betriebsst\u00e4tte<\/strong><\/td><td>Hemminger Bogen 92<\/td><\/tr><tr><td><strong>Geo-Koordinate<\/strong><\/td><td>04416 Markkleeberg, Deutschland<\/td><\/tr><tr><td><strong>Digitale Schnittstelle<\/strong><\/td><td>help@qajdovu.site<\/td><\/tr><tr><td><strong>Steuerliche Identifikation (USt-IdNr.)<\/strong><\/td><td>DE403954362<\/td><\/tr><tr><td><strong>Plattform-Kennung<\/strong><\/td><td>qajdovu<\/td><\/tr><\/tbody><\/table><\/figure>\n\n\n\n<p><strong>Haftungsausschluss f\u00fcr externe Vektoren:<\/strong> Trotz sorgf\u00e4ltiger Pr\u00fcfung der hydraulischen und digitalen Inhalte \u00fcbernimmt qajdovu keine Haftung f\u00fcr die Integrit\u00e4t externer Verlinkungen. Die Verantwortung f\u00fcr die verkn\u00fcpften Seiten liegt ausschlie\u00dflich bei deren Betreibern. Paul Benedict Birnbaum beh\u00e4lt sich das Recht vor, technische Spezifikationen auf dieser Dom\u00e4ne ohne vorherige Ank\u00fcndigung zu modifizieren, um sie dem Stand der Technik anzupassen.<\/p>\n","protected":false},"excerpt":{"rendered":"<p>Die rechtliche Existenz von qajdovu am Standort Markkleeberg basiert auf der nachfolgenden Spezifikation. Paul Benedict Birnbaum definiert hier die Verantwortlichkeiten f\u00fcr die hydro-technische Projektierung am Hemminger Bogen. Datenblatt der Verantwortlichkeit Parameter Registerwert Inhaber der Ingenieursverantwortung Paul Benedict Birnbaum Physische Betriebsst\u00e4tte Hemminger Bogen 92 Geo-Koordinate 04416 Markkleeberg, Deutschland Digitale Schnittstelle help@qajdovu.site Steuerliche Identifikation (USt-IdNr.) DE403954362 Plattform-Kennung [&hellip;]<\/p>\n","protected":false},"author":1,"featured_media":0,"parent":0,"menu_order":5,"comment_status":"closed","ping_status":"closed","template":"","meta":{"footnotes":""},"class_list":["post-29","page","type-page","status-publish","hentry"],"_links":{"self":[{"href":"https:\/\/qajdovu.site\/index.php?rest_route=\/wp\/v2\/pages\/29","targetHints":{"allow":["GET"]}}],"collection":[{"href":"https:\/\/qajdovu.site\/index.php?rest_route=\/wp\/v2\/pages"}],"about":[{"href":"https:\/\/qajdovu.site\/index.php?rest_route=\/wp\/v2\/types\/page"}],"author":[{"embeddable":true,"href":"https:\/\/qajdovu.site\/index.php?rest_route=\/wp\/v2\/users\/1"}],"replies":[{"embeddable":true,"href":"https:\/\/qajdovu.site\/index.php?rest_route=%2Fwp%2Fv2%2Fcomments&post=29"}],"version-history":[{"count":1,"href":"https:\/\/qajdovu.site\/index.php?rest_route=\/wp\/v2\/pages\/29\/revisions"}],"predecessor-version":[{"id":30,"href":"https:\/\/qajdovu.site\/index.php?rest_route=\/wp\/v2\/pages\/29\/revisions\/30"}],"wp:attachment":[{"href":"https:\/\/qajdovu.site\/index.php?rest_route=%2Fwp%2Fv2%2Fmedia&parent=29"}],"curies":[{"name":"wp","href":"https:\/\/api.w.org\/{rel}","templated":true}]}}