{"id":17,"date":"2026-03-23T11:08:45","date_gmt":"2026-03-23T11:08:45","guid":{"rendered":"https:\/\/qajdovu.site\/?page_id=17"},"modified":"2026-03-23T11:08:48","modified_gmt":"2026-03-23T11:08:48","slug":"thermodynamische-aequivalenz-energiefluss","status":"publish","type":"page","link":"https:\/\/qajdovu.site\/?page_id=17","title":{"rendered":"Thermodynamische \u00c4quivalenz \u2013 Energiefluss"},"content":{"rendered":"\n<p>Ein Pool in Sachsen muss ganzj\u00e4hrig oder zumindest saisonal effizient beheizt werden. Birnbaum betrachtet das Becken als ein thermisches Reservoir. W\u00e4rme geht zu 80 Prozent \u00fcber die Oberfl\u00e4che durch Evaporation verloren. Unsere Strategie am Hemminger Bogen 92 basiert auf der Minimierung des Entropieanstiegs durch hochfeste Isolierung und intelligente W\u00e4rme\u00fcbertragung.<\/p>\n\n\n\n<figure class=\"wp-block-image size-large\"><img loading=\"lazy\" decoding=\"async\" width=\"1024\" height=\"768\" src=\"https:\/\/qajdovu.site\/wp-content\/uploads\/2026\/03\/IY4qVZJj0xSbNt-1024x768.jpg\" alt=\"\" class=\"wp-image-18\" srcset=\"https:\/\/qajdovu.site\/wp-content\/uploads\/2026\/03\/IY4qVZJj0xSbNt-1024x768.jpg 1024w, https:\/\/qajdovu.site\/wp-content\/uploads\/2026\/03\/IY4qVZJj0xSbNt-300x225.jpg 300w, https:\/\/qajdovu.site\/wp-content\/uploads\/2026\/03\/IY4qVZJj0xSbNt-768x576.jpg 768w, https:\/\/qajdovu.site\/wp-content\/uploads\/2026\/03\/IY4qVZJj0xSbNt.jpg 1280w\" sizes=\"auto, (max-width: 1024px) 100vw, 1024px\" \/><\/figure>\n\n\n\n<p><strong>Verlustanalyse und Effizienzsteigerung<\/strong><\/p>\n\n\n\n<blockquote class=\"wp-block-quote is-layout-flow wp-block-quote-is-layout-flow\">\n<p>Die Verdunstungsk\u00e4lte ist der gr\u00f6\u00dfte Feind der Energiebilanz. Eine unbedeckte Wasserfl\u00e4che bei 26 Grad Wassertemperatur und 15 Grad Lufttemperatur verliert pro Quadratmeter ca. 150 Watt pro Stunde.<\/p>\n<\/blockquote>\n\n\n\n<p><strong>Die qajdovu-Energie-Kette:<\/strong><\/p>\n\n\n\n<ul class=\"wp-block-list\">\n<li><strong>Prim\u00e4rquelle:<\/strong> Full-Inverter-W\u00e4rmepumpen mit einem COP (Coefficient of Performance) von bis zu 16.<\/li>\n\n\n\n<li><strong>Isolation:<\/strong> Wandaufbau mit extrudiertem Polystyrol-Hartschaum (XPS).<\/li>\n\n\n\n<li><strong>Pr\u00e4vention:<\/strong> PC-Solar-Lamellenabdeckungen, die die Infrarotstrahlung der Sonne direkt in das Wasser leiten.<\/li>\n\n\n\n<li><strong>Hydraulik:<\/strong> Optimierte Rohrquerschnitte zur Reduzierung des Flie\u00dfwiderstands und damit des Stromverbrauchs der Umw\u00e4lzpumpe.<\/li>\n<\/ul>\n\n\n\n<p>Wir berechnen den W\u00e4rmebedarf exakt nach der Formel Q = m* *DeltaT. F\u00fcr Paul Benedict Birnbaum ist ein Pool nur dann ein Erfolg, wenn die Betriebskosten durch technische Finesse auf ein Minimum reduziert werden. Wir nutzen die Abw\u00e4rme der Filterpumpen und integrieren W\u00e4rmetauscher, die an die bestehende Hausheizung in Markkleeberg gekoppelt werden k\u00f6nnen.<\/p>\n","protected":false},"excerpt":{"rendered":"<p>Ein Pool in Sachsen muss ganzj\u00e4hrig oder zumindest saisonal effizient beheizt werden. Birnbaum betrachtet das Becken als ein thermisches Reservoir. W\u00e4rme geht zu 80 Prozent \u00fcber die Oberfl\u00e4che durch Evaporation verloren. Unsere Strategie am Hemminger Bogen 92 basiert auf der Minimierung des Entropieanstiegs durch hochfeste Isolierung und intelligente W\u00e4rme\u00fcbertragung. Verlustanalyse und Effizienzsteigerung Die Verdunstungsk\u00e4lte ist [&hellip;]<\/p>\n","protected":false},"author":1,"featured_media":0,"parent":0,"menu_order":3,"comment_status":"closed","ping_status":"closed","template":"","meta":{"footnotes":""},"class_list":["post-17","page","type-page","status-publish","hentry"],"_links":{"self":[{"href":"https:\/\/qajdovu.site\/index.php?rest_route=\/wp\/v2\/pages\/17","targetHints":{"allow":["GET"]}}],"collection":[{"href":"https:\/\/qajdovu.site\/index.php?rest_route=\/wp\/v2\/pages"}],"about":[{"href":"https:\/\/qajdovu.site\/index.php?rest_route=\/wp\/v2\/types\/page"}],"author":[{"embeddable":true,"href":"https:\/\/qajdovu.site\/index.php?rest_route=\/wp\/v2\/users\/1"}],"replies":[{"embeddable":true,"href":"https:\/\/qajdovu.site\/index.php?rest_route=%2Fwp%2Fv2%2Fcomments&post=17"}],"version-history":[{"count":1,"href":"https:\/\/qajdovu.site\/index.php?rest_route=\/wp\/v2\/pages\/17\/revisions"}],"predecessor-version":[{"id":19,"href":"https:\/\/qajdovu.site\/index.php?rest_route=\/wp\/v2\/pages\/17\/revisions\/19"}],"wp:attachment":[{"href":"https:\/\/qajdovu.site\/index.php?rest_route=%2Fwp%2Fv2%2Fmedia&parent=17"}],"curies":[{"name":"wp","href":"https:\/\/api.w.org\/{rel}","templated":true}]}}